{"id":122,"date":"2025-10-01T22:05:29","date_gmt":"2025-10-02T03:05:29","guid":{"rendered":"https:\/\/www.civicasecuador.org\/?page_id=122"},"modified":"2025-10-06T19:38:12","modified_gmt":"2025-10-07T00:38:12","slug":"contacto","status":"publish","type":"page","link":"https:\/\/www.civicasecuador.org\/index.php\/contacto\/","title":{"rendered":"Contacto"},"content":{"rendered":"\n<div class=\"wp-block-group has-global-padding is-layout-constrained wp-block-group-is-layout-constrained\">\n<div class=\"wp-block-columns is-layout-flex wp-container-core-columns-is-layout-28f84493 wp-block-columns-is-layout-flex\">\n<div class=\"wp-block-column is-layout-flow wp-block-column-is-layout-flow\">\n<p>Agradecemos su inter\u00e9s en comunicarse con nosotros. Si desea realizar una consulta, enviar una sugerencia, o establecer v\u00ednculos de colaboraci\u00f3n, por favor complete el formulario. Su mensaje ser\u00e1 atendido con responsabilidad y en el menor tiempo posible.<\/p>\n\n\n<style id=\"wpforms-css-vars-119-block-f2e61ede-91bd-422c-ba05-5cfd3887f7e6\">\n\t\t\t\t#wpforms-119.wpforms-block-f2e61ede-91bd-422c-ba05-5cfd3887f7e6 {\n\t\t\t\t--wpforms-label-color: #262626;\n--wpforms-label-sublabel-color: #7f7f7f;\n--wpforms-label-error-color: #ff0000;\n--wpforms-page-break-color: #dddddd;\n--wpforms-field-border-radius: 0px;\n--wpforms-field-border-color: #cccccc;\n--wpforms-field-border-color-spare: #cccccc;\n--wpforms-field-text-color: #444444;\n--wpforms-button-border-style: solid;\n--wpforms-button-border-radius: 0px;\n--wpforms-button-background-color: #dddddd;\n--wpforms-button-text-color: #666666;\n--wpforms-button-border-color: #cccccc;\n--wpforms-field-size-input-height: 43px;\n--wpforms-field-size-input-spacing: 15px;\n--wpforms-field-size-font-size: 16px;\n--wpforms-field-size-line-height: 19px;\n--wpforms-field-size-padding-h: 14px;\n--wpforms-field-size-checkbox-size: 16px;\n--wpforms-field-size-sublabel-spacing: 5px;\n--wpforms-field-size-icon-size: 1;\n--wpforms-label-size-font-size: 14px;\n--wpforms-label-size-line-height: 17px;\n--wpforms-label-size-sublabel-font-size: 13px;\n--wpforms-label-size-sublabel-line-height: 16px;\n--wpforms-button-size-font-size: 17px;\n--wpforms-button-size-height: 41px;\n--wpforms-button-size-padding-h: 15px;\n--wpforms-button-size-margin-top: 10px;\n\t\t\t}\n\t\t\t<\/style><div class=\"wpforms-container wpforms-container-full wpforms-block wpforms-block-f2e61ede-91bd-422c-ba05-5cfd3887f7e6 wpforms-render-modern\" id=\"wpforms-119\"><form id=\"wpforms-form-119\" class=\"wpforms-validate wpforms-form wpforms-ajax-form\" data-formid=\"119\" method=\"post\" enctype=\"multipart\/form-data\" action=\"\/index.php\/wp-json\/wp\/v2\/pages\/122\" data-token=\"82ab323ef5b9877658fc7cbcab146e9a\" data-token-time=\"1775512344\"><noscript class=\"wpforms-error-noscript\">Por favor, activa JavaScript en tu navegador para completar este formulario.<\/noscript><div id=\"wpforms-error-noscript\" style=\"display: none;\">Por favor, activa JavaScript en tu navegador para completar este formulario.<\/div><div class=\"wpforms-field-container\"><div id=\"wpforms-119-field_1-container\" class=\"wpforms-field wpforms-field-name\" data-field-id=\"1\"><fieldset><legend class=\"wpforms-field-label\">Nombre <span class=\"wpforms-required-label\" aria-hidden=\"true\">*<\/span><\/legend><div class=\"wpforms-field-row wpforms-field-medium\"><div class=\"wpforms-field-row-block wpforms-first wpforms-one-half\"><input type=\"text\" id=\"wpforms-119-field_1\" class=\"wpforms-field-name-first wpforms-field-required\" name=\"wpforms[fields][1][first]\" aria-errormessage=\"wpforms-119-field_1-error\" required><label for=\"wpforms-119-field_1\" class=\"wpforms-field-sublabel after\">Nombre<\/label><\/div><div class=\"wpforms-field-row-block wpforms-one-half\"><input type=\"text\" id=\"wpforms-119-field_1-last\" class=\"wpforms-field-name-last wpforms-field-required\" name=\"wpforms[fields][1][last]\" aria-errormessage=\"wpforms-119-field_1-last-error\" required><label for=\"wpforms-119-field_1-last\" class=\"wpforms-field-sublabel after\">Apellidos<\/label><\/div><\/div><\/fieldset><\/div>\t\t<div id=\"wpforms-119-field_4-container\"\n\t\t\tclass=\"wpforms-field wpforms-field-text\"\n\t\t\tdata-field-type=\"text\"\n\t\t\tdata-field-id=\"4\"\n\t\t\t>\n\t\t\t<label class=\"wpforms-field-label\" for=\"wpforms-119-field_4\" >mensaje Comentario o<\/label>\n\t\t\t<input type=\"text\" id=\"wpforms-119-field_4\" class=\"wpforms-field-medium\" name=\"wpforms[fields][4]\" >\n\t\t<\/div>\n\t\t<div id=\"wpforms-119-field_2-container\" class=\"wpforms-field wpforms-field-email\" data-field-id=\"2\"><label class=\"wpforms-field-label\" for=\"wpforms-119-field_2\">Correo electr\u00f3nico <span class=\"wpforms-required-label\" aria-hidden=\"true\">*<\/span><\/label><input type=\"email\" id=\"wpforms-119-field_2\" class=\"wpforms-field-medium wpforms-field-required\" name=\"wpforms[fields][2]\" spellcheck=\"false\" aria-errormessage=\"wpforms-119-field_2-error\" required><\/div><div id=\"wpforms-119-field_5-container\" class=\"wpforms-field wpforms-field-number\" data-field-id=\"5\"><label class=\"wpforms-field-label\" for=\"wpforms-119-field_5\">Tel\u00e9fono<\/label><input type=\"number\" id=\"wpforms-119-field_5\" class=\"wpforms-field-medium\" name=\"wpforms[fields][5]\" step=\"any\" aria-errormessage=\"wpforms-119-field_5-error\" ><\/div><div id=\"wpforms-119-field_3-container\" class=\"wpforms-field wpforms-field-textarea\" data-field-id=\"3\"><label class=\"wpforms-field-label\" for=\"wpforms-119-field_3\">Comentario o mensaje<\/label><textarea id=\"wpforms-119-field_3\" class=\"wpforms-field-medium wpforms-limit-characters-enabled\" data-form-id=\"119\" data-field-id=\"3\" data-text-limit=\"500\" name=\"wpforms[fields][3]\" aria-errormessage=\"wpforms-119-field_3-error\" maxlength=\"500\" ><\/textarea><\/div><script>\n\t\t\t\t( function() {\n\t\t\t\t\tconst style = document.createElement( 'style' );\n\t\t\t\t\tstyle.appendChild( document.createTextNode( '#wpforms-119-field_4-container { position: absolute !important; overflow: hidden !important; display: inline !important; height: 1px !important; width: 1px !important; z-index: -1000 !important; padding: 0 !important; } #wpforms-119-field_4-container input { visibility: hidden; } #wpforms-conversational-form-page #wpforms-119-field_4-container label { counter-increment: none; }' ) );\n\t\t\t\t\tdocument.head.appendChild( style );\n\t\t\t\t\tdocument.currentScript?.remove();\n\t\t\t\t} )();\n\t\t\t<\/script><\/div><!-- .wpforms-field-container --><div class=\"wpforms-recaptcha-container wpforms-is-recaptcha wpforms-is-recaptcha-type-invisible\" ><div class=\"g-recaptcha\" data-sitekey=\"6Lc6uOArAAAAAPbBLnrw8BXBMbV0q9515V1kxrSD\" data-size=\"invisible\"><\/div><\/div><div class=\"wpforms-submit-container\" ><input type=\"hidden\" name=\"wpforms[id]\" value=\"119\"><input type=\"hidden\" name=\"page_title\" value=\"\"><input type=\"hidden\" name=\"page_url\" value=\"https:\/\/www.civicasecuador.org\/index.php\/wp-json\/wp\/v2\/pages\/122\"><input type=\"hidden\" name=\"url_referer\" value=\"\"><button type=\"submit\" name=\"wpforms[submit]\" id=\"wpforms-submit-119\" class=\"wpforms-submit\" data-alt-text=\"Enviando...\" data-submit-text=\"Enviar\" aria-live=\"assertive\" value=\"wpforms-submit\">Enviar<\/button><img loading=\"lazy\" decoding=\"async\" src=\"https:\/\/www.civicasecuador.org\/wp-content\/plugins\/wpforms-lite\/assets\/images\/submit-spin.svg\" class=\"wpforms-submit-spinner\" style=\"display: none;\" width=\"26\" height=\"26\" alt=\"Cargando\"><\/div><\/form><\/div>  <!-- .wpforms-container --><\/div>\n<\/div>\n<\/div>\n","protected":false},"excerpt":{"rendered":"<p>Agradecemos su inter\u00e9s en comunicarse con nosotros. Si desea realizar una consulta, enviar una sugerencia, o establecer v\u00ednculos de colaboraci\u00f3n, por favor complete el formulario. Su mensaje ser\u00e1 atendido con responsabilidad y en el menor tiempo posible.<\/p>\n","protected":false},"author":1,"featured_media":385,"parent":0,"menu_order":0,"comment_status":"closed","ping_status":"closed","template":"","meta":{"footnotes":""},"class_list":["post-122","page","type-page","status-publish","has-post-thumbnail","hentry"],"yoast_head":"<!-- This site is optimized with the Yoast SEO plugin v26.2 - https:\/\/yoast.com\/wordpress\/plugins\/seo\/ -->\n<title>Contacto - Junta C\u00edvica Popular del Ecuador<\/title>\n<meta name=\"description\" content=\"Contacto Junta C\u00edvica Popular del Ecuador -\" \/>\n<meta name=\"robots\" content=\"index, follow, max-snippet:-1, max-image-preview:large, max-video-preview:-1\" \/>\n<link rel=\"canonical\" href=\"https:\/\/www.civicasecuador.org\/index.php\/contacto\/\" \/>\n<meta property=\"og:locale\" content=\"es_ES\" \/>\n<meta property=\"og:type\" content=\"article\" \/>\n<meta property=\"og:title\" content=\"Contacto - Junta C\u00edvica Popular del Ecuador\" \/>\n<meta property=\"og:description\" content=\"Contacto Junta C\u00edvica Popular del Ecuador -\" \/>\n<meta property=\"og:url\" content=\"https:\/\/www.civicasecuador.org\/index.php\/contacto\/\" \/>\n<meta property=\"og:site_name\" content=\"Junta C\u00edvica Popular del Ecuador\" \/>\n<meta property=\"article:publisher\" content=\"https:\/\/www.facebook.com\/watch\/?v=191194030746352\" \/>\n<meta property=\"article:modified_time\" content=\"2025-10-07T00:38:12+00:00\" \/>\n<meta property=\"og:image\" content=\"https:\/\/www.civicasecuador.org\/wp-content\/uploads\/2025\/10\/contacto_v2.webp\" \/>\n\t<meta property=\"og:image:width\" content=\"1248\" \/>\n\t<meta property=\"og:image:height\" content=\"832\" \/>\n\t<meta property=\"og:image:type\" content=\"image\/webp\" \/>\n<meta name=\"twitter:card\" content=\"summary_large_image\" \/>\n<meta name=\"twitter:site\" content=\"@JuntaCivicaP\" \/>\n<meta name=\"twitter:label1\" content=\"Tiempo de lectura\" \/>\n\t<meta name=\"twitter:data1\" content=\"1 minuto\" \/>\n<script type=\"application\/ld+json\" class=\"yoast-schema-graph\">{\"@context\":\"https:\/\/schema.org\",\"@graph\":[{\"@type\":\"WebPage\",\"@id\":\"https:\/\/www.civicasecuador.org\/index.php\/contacto\/\",\"url\":\"https:\/\/www.civicasecuador.org\/index.php\/contacto\/\",\"name\":\"Contacto - Junta C\u00edvica Popular del Ecuador\",\"isPartOf\":{\"@id\":\"https:\/\/www.civicasecuador.org\/#website\"},\"primaryImageOfPage\":{\"@id\":\"https:\/\/www.civicasecuador.org\/index.php\/contacto\/#primaryimage\"},\"image\":{\"@id\":\"https:\/\/www.civicasecuador.org\/index.php\/contacto\/#primaryimage\"},\"thumbnailUrl\":\"https:\/\/www.civicasecuador.org\/wp-content\/uploads\/2025\/10\/contacto_v2.webp\",\"datePublished\":\"2025-10-02T03:05:29+00:00\",\"dateModified\":\"2025-10-07T00:38:12+00:00\",\"description\":\"Contacto Junta C\u00edvica Popular del Ecuador -\",\"breadcrumb\":{\"@id\":\"https:\/\/www.civicasecuador.org\/index.php\/contacto\/#breadcrumb\"},\"inLanguage\":\"es\",\"potentialAction\":[{\"@type\":\"ReadAction\",\"target\":[\"https:\/\/www.civicasecuador.org\/index.php\/contacto\/\"]}]},{\"@type\":\"ImageObject\",\"inLanguage\":\"es\",\"@id\":\"https:\/\/www.civicasecuador.org\/index.php\/contacto\/#primaryimage\",\"url\":\"https:\/\/www.civicasecuador.org\/wp-content\/uploads\/2025\/10\/contacto_v2.webp\",\"contentUrl\":\"https:\/\/www.civicasecuador.org\/wp-content\/uploads\/2025\/10\/contacto_v2.webp\",\"width\":1248,\"height\":832},{\"@type\":\"BreadcrumbList\",\"@id\":\"https:\/\/www.civicasecuador.org\/index.php\/contacto\/#breadcrumb\",\"itemListElement\":[{\"@type\":\"ListItem\",\"position\":1,\"name\":\"Portada\",\"item\":\"https:\/\/www.civicasecuador.org\/\"},{\"@type\":\"ListItem\",\"position\":2,\"name\":\"Contacto\"}]},{\"@type\":\"WebSite\",\"@id\":\"https:\/\/www.civicasecuador.org\/#website\",\"url\":\"https:\/\/www.civicasecuador.org\/\",\"name\":\"Junta C\u00edvica Popular del Ecuador\",\"description\":\"La Junta C\u00edvica Popular del Ecuador es una organizaci\u00f3n ciudadana de car\u00e1cter nacional, independiente y plural, que busca promover la participaci\u00f3n activa de la sociedad en la defensa de los derechos, el fortalecimiento democr\u00e1tico y el desarrollo comunitario.\",\"publisher\":{\"@id\":\"https:\/\/www.civicasecuador.org\/#organization\"},\"alternateName\":\"La Junta C\u00edvica Popular del Ecuador es una organizaci\u00f3n ciudadana de car\u00e1cter nacional, independiente y plural, que busca promover la participaci\u00f3n activa de la sociedad en la defensa de los derechos, el fortalecimiento democr\u00e1tico y el desarrollo comunitario.\",\"potentialAction\":[{\"@type\":\"SearchAction\",\"target\":{\"@type\":\"EntryPoint\",\"urlTemplate\":\"https:\/\/www.civicasecuador.org\/?s={search_term_string}\"},\"query-input\":{\"@type\":\"PropertyValueSpecification\",\"valueRequired\":true,\"valueName\":\"search_term_string\"}}],\"inLanguage\":\"es\"},{\"@type\":\"Organization\",\"@id\":\"https:\/\/www.civicasecuador.org\/#organization\",\"name\":\"Junta C\u00edvica Popular del Ecuador\",\"alternateName\":\"JCPE\",\"url\":\"https:\/\/www.civicasecuador.org\/\",\"logo\":{\"@type\":\"ImageObject\",\"inLanguage\":\"es\",\"@id\":\"https:\/\/www.civicasecuador.org\/#\/schema\/logo\/image\/\",\"url\":\"https:\/\/www.civicasecuador.org\/wp-content\/uploads\/2025\/10\/logo2.png\",\"contentUrl\":\"https:\/\/www.civicasecuador.org\/wp-content\/uploads\/2025\/10\/logo2.png\",\"width\":576,\"height\":636,\"caption\":\"Junta C\u00edvica Popular del Ecuador\"},\"image\":{\"@id\":\"https:\/\/www.civicasecuador.org\/#\/schema\/logo\/image\/\"},\"sameAs\":[\"https:\/\/www.facebook.com\/watch\/?v=191194030746352\",\"https:\/\/x.com\/JuntaCivicaP\"]}]}<\/script>\n<!-- \/ Yoast SEO plugin. -->","yoast_head_json":{"title":"Contacto - Junta C\u00edvica Popular del Ecuador","description":"Contacto Junta C\u00edvica Popular del Ecuador -","robots":{"index":"index","follow":"follow","max-snippet":"max-snippet:-1","max-image-preview":"max-image-preview:large","max-video-preview":"max-video-preview:-1"},"canonical":"https:\/\/www.civicasecuador.org\/index.php\/contacto\/","og_locale":"es_ES","og_type":"article","og_title":"Contacto - Junta C\u00edvica Popular del Ecuador","og_description":"Contacto Junta C\u00edvica Popular del Ecuador -","og_url":"https:\/\/www.civicasecuador.org\/index.php\/contacto\/","og_site_name":"Junta C\u00edvica Popular del Ecuador","article_publisher":"https:\/\/www.facebook.com\/watch\/?v=191194030746352","article_modified_time":"2025-10-07T00:38:12+00:00","og_image":[{"width":1248,"height":832,"url":"https:\/\/www.civicasecuador.org\/wp-content\/uploads\/2025\/10\/contacto_v2.webp","type":"image\/webp"}],"twitter_card":"summary_large_image","twitter_site":"@JuntaCivicaP","twitter_misc":{"Tiempo de lectura":"1 minuto"},"schema":{"@context":"https:\/\/schema.org","@graph":[{"@type":"WebPage","@id":"https:\/\/www.civicasecuador.org\/index.php\/contacto\/","url":"https:\/\/www.civicasecuador.org\/index.php\/contacto\/","name":"Contacto - Junta C\u00edvica Popular del Ecuador","isPartOf":{"@id":"https:\/\/www.civicasecuador.org\/#website"},"primaryImageOfPage":{"@id":"https:\/\/www.civicasecuador.org\/index.php\/contacto\/#primaryimage"},"image":{"@id":"https:\/\/www.civicasecuador.org\/index.php\/contacto\/#primaryimage"},"thumbnailUrl":"https:\/\/www.civicasecuador.org\/wp-content\/uploads\/2025\/10\/contacto_v2.webp","datePublished":"2025-10-02T03:05:29+00:00","dateModified":"2025-10-07T00:38:12+00:00","description":"Contacto Junta C\u00edvica Popular del Ecuador -","breadcrumb":{"@id":"https:\/\/www.civicasecuador.org\/index.php\/contacto\/#breadcrumb"},"inLanguage":"es","potentialAction":[{"@type":"ReadAction","target":["https:\/\/www.civicasecuador.org\/index.php\/contacto\/"]}]},{"@type":"ImageObject","inLanguage":"es","@id":"https:\/\/www.civicasecuador.org\/index.php\/contacto\/#primaryimage","url":"https:\/\/www.civicasecuador.org\/wp-content\/uploads\/2025\/10\/contacto_v2.webp","contentUrl":"https:\/\/www.civicasecuador.org\/wp-content\/uploads\/2025\/10\/contacto_v2.webp","width":1248,"height":832},{"@type":"BreadcrumbList","@id":"https:\/\/www.civicasecuador.org\/index.php\/contacto\/#breadcrumb","itemListElement":[{"@type":"ListItem","position":1,"name":"Portada","item":"https:\/\/www.civicasecuador.org\/"},{"@type":"ListItem","position":2,"name":"Contacto"}]},{"@type":"WebSite","@id":"https:\/\/www.civicasecuador.org\/#website","url":"https:\/\/www.civicasecuador.org\/","name":"Junta C\u00edvica Popular del Ecuador","description":"La Junta C\u00edvica Popular del Ecuador es una organizaci\u00f3n ciudadana de car\u00e1cter nacional, independiente y plural, que busca promover la participaci\u00f3n activa de la sociedad en la defensa de los derechos, el fortalecimiento democr\u00e1tico y el desarrollo comunitario.","publisher":{"@id":"https:\/\/www.civicasecuador.org\/#organization"},"alternateName":"La Junta C\u00edvica Popular del Ecuador es una organizaci\u00f3n ciudadana de car\u00e1cter nacional, independiente y plural, que busca promover la participaci\u00f3n activa de la sociedad en la defensa de los derechos, el fortalecimiento democr\u00e1tico y el desarrollo comunitario.","potentialAction":[{"@type":"SearchAction","target":{"@type":"EntryPoint","urlTemplate":"https:\/\/www.civicasecuador.org\/?s={search_term_string}"},"query-input":{"@type":"PropertyValueSpecification","valueRequired":true,"valueName":"search_term_string"}}],"inLanguage":"es"},{"@type":"Organization","@id":"https:\/\/www.civicasecuador.org\/#organization","name":"Junta C\u00edvica Popular del Ecuador","alternateName":"JCPE","url":"https:\/\/www.civicasecuador.org\/","logo":{"@type":"ImageObject","inLanguage":"es","@id":"https:\/\/www.civicasecuador.org\/#\/schema\/logo\/image\/","url":"https:\/\/www.civicasecuador.org\/wp-content\/uploads\/2025\/10\/logo2.png","contentUrl":"https:\/\/www.civicasecuador.org\/wp-content\/uploads\/2025\/10\/logo2.png","width":576,"height":636,"caption":"Junta C\u00edvica Popular del Ecuador"},"image":{"@id":"https:\/\/www.civicasecuador.org\/#\/schema\/logo\/image\/"},"sameAs":["https:\/\/www.facebook.com\/watch\/?v=191194030746352","https:\/\/x.com\/JuntaCivicaP"]}]}},"_links":{"self":[{"href":"https:\/\/www.civicasecuador.org\/index.php\/wp-json\/wp\/v2\/pages\/122","targetHints":{"allow":["GET"]}}],"collection":[{"href":"https:\/\/www.civicasecuador.org\/index.php\/wp-json\/wp\/v2\/pages"}],"about":[{"href":"https:\/\/www.civicasecuador.org\/index.php\/wp-json\/wp\/v2\/types\/page"}],"author":[{"embeddable":true,"href":"https:\/\/www.civicasecuador.org\/index.php\/wp-json\/wp\/v2\/users\/1"}],"replies":[{"embeddable":true,"href":"https:\/\/www.civicasecuador.org\/index.php\/wp-json\/wp\/v2\/comments?post=122"}],"version-history":[{"count":2,"href":"https:\/\/www.civicasecuador.org\/index.php\/wp-json\/wp\/v2\/pages\/122\/revisions"}],"predecessor-version":[{"id":134,"href":"https:\/\/www.civicasecuador.org\/index.php\/wp-json\/wp\/v2\/pages\/122\/revisions\/134"}],"wp:featuredmedia":[{"embeddable":true,"href":"https:\/\/www.civicasecuador.org\/index.php\/wp-json\/wp\/v2\/media\/385"}],"wp:attachment":[{"href":"https:\/\/www.civicasecuador.org\/index.php\/wp-json\/wp\/v2\/media?parent=122"}],"curies":[{"name":"wp","href":"https:\/\/api.w.org\/{rel}","templated":true}]}}