{"id":59,"date":"2025-10-01T16:34:15","date_gmt":"2025-10-01T21:34:15","guid":{"rendered":"https:\/\/www.civicasecuador.org\/?page_id=59"},"modified":"2025-10-06T19:45:41","modified_gmt":"2025-10-07T00:45:41","slug":"quienes-somos","status":"publish","type":"page","link":"https:\/\/www.civicasecuador.org\/index.php\/quienes-somos\/","title":{"rendered":"Quienes somos"},"content":{"rendered":"\n<div class=\"wp-block-group has-global-padding is-layout-constrained wp-block-group-is-layout-constrained\">\n<p><strong>La Junta C\u00edvica Popular del Ecuador<\/strong> es una organizaci\u00f3n ciudadana de car\u00e1cter nacional, independiente y plural, que busca promover la participaci\u00f3n activa de la sociedad en la defensa de los derechos, el fortalecimiento democr\u00e1tico y el desarrollo comunitario.<\/p>\n\n\n\n<div class=\"wp-block-media-text is-stacked-on-mobile\" style=\"grid-template-columns:27% auto\"><figure class=\"wp-block-media-text__media\"><img loading=\"lazy\" decoding=\"async\" width=\"300\" height=\"300\" src=\"https:\/\/www.civicasecuador.org\/wp-content\/uploads\/2025\/10\/mision2.webp\" alt=\"\" class=\"wp-image-370 size-full\" srcset=\"https:\/\/www.civicasecuador.org\/wp-content\/uploads\/2025\/10\/mision2.webp 300w, https:\/\/www.civicasecuador.org\/wp-content\/uploads\/2025\/10\/mision2-150x150.webp 150w\" sizes=\"auto, (max-width: 300px) 100vw, 300px\" \/><\/figure><div class=\"wp-block-media-text__content\">\n<p><strong>Misi\u00f3n<\/strong><br>Consolidar un movimiento ciudadano que articule esfuerzos en favor del bienestar social, la justicia, la equidad y la participaci\u00f3n c\u00edvica en el Ecuador.<\/p>\n<\/div><\/div>\n\n\n\n<div class=\"wp-block-media-text has-media-on-the-right is-stacked-on-mobile is-vertically-aligned-top\" style=\"grid-template-columns:auto 27%\"><div class=\"wp-block-media-text__content\">\n<p><strong>Visi\u00f3n<\/strong><br>Ser referente nacional de unidad ciudadana y acci\u00f3n c\u00edvica, con reconocimiento local e internacional por sus aportes a la democracia, la solidaridad y el progreso social.<\/p>\n<\/div><figure class=\"wp-block-media-text__media\"><img loading=\"lazy\" decoding=\"async\" width=\"300\" height=\"300\" src=\"https:\/\/www.civicasecuador.org\/wp-content\/uploads\/2025\/10\/vision2.webp\" alt=\"\" class=\"wp-image-371 size-full\" srcset=\"https:\/\/www.civicasecuador.org\/wp-content\/uploads\/2025\/10\/vision2.webp 300w, https:\/\/www.civicasecuador.org\/wp-content\/uploads\/2025\/10\/vision2-150x150.webp 150w\" sizes=\"auto, (max-width: 300px) 100vw, 300px\" \/><\/figure><\/div>\n\n\n\n<div class=\"wp-block-media-text\" style=\"grid-template-columns:43% auto\"><figure class=\"wp-block-media-text__media\"><img loading=\"lazy\" decoding=\"async\" width=\"150\" height=\"150\" src=\"https:\/\/www.civicasecuador.org\/wp-content\/uploads\/2025\/10\/valores2.webp\" alt=\"\" class=\"wp-image-372 size-full\"\/><\/figure><div class=\"wp-block-media-text__content\">\n<p><strong>Valores<\/strong><\/p>\n\n\n\n<ul class=\"wp-block-list\">\n<li>Solidaridad<\/li>\n<\/ul>\n\n\n\n<ul class=\"wp-block-list\">\n<li>Unidad<\/li>\n<\/ul>\n\n\n\n<ul class=\"wp-block-list\">\n<li>Transparencia<\/li>\n<\/ul>\n\n\n\n<ul class=\"wp-block-list\">\n<li>Compromiso<\/li>\n<\/ul>\n\n\n\n<ul class=\"wp-block-list\">\n<li>Justicia<\/li>\n<\/ul>\n<\/div><\/div>\n\n\n\n<div style=\"height:100px\" aria-hidden=\"true\" class=\"wp-block-spacer\"><\/div>\n\n\n\n<div class=\"wp-block-media-text is-stacked-on-mobile is-vertically-aligned-top\" style=\"grid-template-columns:39% auto\"><figure class=\"wp-block-media-text__media\"><img loading=\"lazy\" decoding=\"async\" width=\"1024\" height=\"1024\" src=\"https:\/\/www.civicasecuador.org\/wp-content\/uploads\/2025\/10\/ejes_accion_v2.webp\" alt=\"\" class=\"wp-image-389 size-full\" srcset=\"https:\/\/www.civicasecuador.org\/wp-content\/uploads\/2025\/10\/ejes_accion_v2.webp 1024w, https:\/\/www.civicasecuador.org\/wp-content\/uploads\/2025\/10\/ejes_accion_v2-300x300.webp 300w, https:\/\/www.civicasecuador.org\/wp-content\/uploads\/2025\/10\/ejes_accion_v2-150x150.webp 150w, https:\/\/www.civicasecuador.org\/wp-content\/uploads\/2025\/10\/ejes_accion_v2-768x768.webp 768w\" sizes=\"auto, (max-width: 1024px) 100vw, 1024px\" \/><\/figure><div class=\"wp-block-media-text__content\">\n<ul class=\"wp-block-list\">\n<li><strong>Acci\u00f3n Social:<\/strong><br>Programas de ayuda comunitaria, brigadas m\u00e9dicas, campa\u00f1as de alimentaci\u00f3n y educaci\u00f3n.<\/li>\n\n\n\n<li><strong>Acci\u00f3n C\u00edvica:<\/strong><br>Rescate de valores patrios, organizaci\u00f3n de actos conmemorativos y formaci\u00f3n ciudadana.<\/li>\n\n\n\n<li><strong>Acci\u00f3n Institucional:<\/strong><br>Representaci\u00f3n ante organismos p\u00fablicos y privados, defensa de derechos y mediaci\u00f3n comunitaria.<\/li>\n\n\n\n<li><strong>Acci\u00f3n Comunitaria:<\/strong><br>Obras solidarias, fortalecimiento de barrios, asociaciones y participaci\u00f3n popular.<\/li>\n<\/ul>\n\n\n\n<p><\/p>\n<\/div><\/div>\n\n\n\n<div class=\"wp-block-media-text is-stacked-on-mobile\" style=\"grid-template-columns:40% auto\"><figure class=\"wp-block-media-text__media\"><img loading=\"lazy\" decoding=\"async\" width=\"1024\" height=\"1024\" src=\"https:\/\/www.civicasecuador.org\/wp-content\/uploads\/2025\/10\/logros_proyectos_v2.webp\" alt=\"\" class=\"wp-image-390 size-full\" srcset=\"https:\/\/www.civicasecuador.org\/wp-content\/uploads\/2025\/10\/logros_proyectos_v2.webp 1024w, https:\/\/www.civicasecuador.org\/wp-content\/uploads\/2025\/10\/logros_proyectos_v2-300x300.webp 300w, https:\/\/www.civicasecuador.org\/wp-content\/uploads\/2025\/10\/logros_proyectos_v2-150x150.webp 150w, https:\/\/www.civicasecuador.org\/wp-content\/uploads\/2025\/10\/logros_proyectos_v2-768x768.webp 768w\" sizes=\"auto, (max-width: 1024px) 100vw, 1024px\" \/><\/figure><div class=\"wp-block-media-text__content\">\n<ul class=\"wp-block-list\">\n<li><strong>Brigadas de salud<\/strong> y atenci\u00f3n a comunidades vulnerables.<\/li>\n\n\n\n<li><strong>Campa\u00f1as de educaci\u00f3n<\/strong> c\u00edvica en escuelas y barrios.<\/li>\n\n\n\n<li><strong>Organizaci\u00f3n de marchas<\/strong> y actos conmemorativos patrios.<\/li>\n\n\n\n<li><strong>Convenios <\/strong>con instituciones locales y nacionales.<\/li>\n\n\n\n<li><strong>Apoyo directo<\/strong> a proyectos comunitarios en distintas provincias.<\/li>\n<\/ul>\n<\/div><\/div>\n<\/div>\n\n\n\n<div style=\"height:100px\" aria-hidden=\"true\" class=\"wp-block-spacer\"><\/div>\n\n\n\n<h2 class=\"wp-block-heading has-text-align-center\"><strong>Directorio<\/strong><\/h2>\n\n\n\n<p><strong>La Junta C\u00edvica Popular del Ecuador<\/strong> est\u00e1 liderada por ciudadanos comprometidos con el bienestar social, la justicia y la participaci\u00f3n activa. Cada autoridad representa el esp\u00edritu plural, transparente y solidario de nuestra organizaci\u00f3n, articulando esfuerzos desde distintos territorios y sectores para fortalecer la democracia y el desarrollo comunitario.<\/p>\n\n\n\n<div class=\"wp-block-group has-global-padding is-layout-constrained wp-block-group-is-layout-constrained\">\n<ul class=\"wp-block-list\">\n<li>Lcdo. Duglas Rangel \u2013 Presidente<\/li>\n\n\n\n<li>Ing. Beatriz Alvarez &#8211; Vicepresidente<\/li>\n\n\n\n<li>Soc. Carlos Tierras &#8211; Secretario<\/li>\n\n\n\n<li>Lcdo. Luis Mora &#8211; Vocal<\/li>\n\n\n\n<li>Lcda. Margarita Duran &#8211; Vocal<\/li>\n\n\n\n<li>Abg. Lincol Mora &#8211; Vocal<\/li>\n\n\n\n<li>Abg. Claudio Del Rio &#8211; Vocal<\/li>\n\n\n\n<li>Abg. Maria Luisa Granizo &#8211; Vocal<\/li>\n\n\n\n<li>Ing. Bruno Mora Noristz &#8211; Vocal<\/li>\n<\/ul>\n<\/div>\n\n\n\n<p><\/p>\n","protected":false},"excerpt":{"rendered":"<p>La Junta C\u00edvica Popular del Ecuador es una organizaci\u00f3n ciudadana de car\u00e1cter nacional, independiente y plural, que busca promover la participaci\u00f3n activa de la sociedad en la defensa de los derechos, el fortalecimiento democr\u00e1tico y el desarrollo comunitario. Misi\u00f3nConsolidar un movimiento ciudadano que articule esfuerzos en favor del bienestar social, la justicia, la equidad y [&hellip;]<\/p>\n","protected":false},"author":1,"featured_media":391,"parent":0,"menu_order":0,"comment_status":"closed","ping_status":"closed","template":"","meta":{"footnotes":""},"class_list":["post-59","page","type-page","status-publish","has-post-thumbnail","hentry"],"yoast_head":"<!-- This site is optimized with the Yoast SEO plugin v26.2 - https:\/\/yoast.com\/wordpress\/plugins\/seo\/ -->\n<title>Quienes somos - Junta C\u00edvica Popular del Ecuador<\/title>\n<meta name=\"description\" content=\"Quienes somos Junta C\u00edvica Popular del Ecuador -\" \/>\n<meta name=\"robots\" content=\"index, follow, max-snippet:-1, max-image-preview:large, max-video-preview:-1\" \/>\n<link rel=\"canonical\" href=\"https:\/\/www.civicasecuador.org\/index.php\/quienes-somos\/\" \/>\n<meta property=\"og:locale\" content=\"es_ES\" \/>\n<meta property=\"og:type\" content=\"article\" \/>\n<meta property=\"og:title\" content=\"Quienes somos - Junta C\u00edvica Popular del Ecuador\" \/>\n<meta property=\"og:description\" content=\"Quienes somos Junta C\u00edvica Popular del Ecuador -\" \/>\n<meta property=\"og:url\" content=\"https:\/\/www.civicasecuador.org\/index.php\/quienes-somos\/\" \/>\n<meta property=\"og:site_name\" content=\"Junta C\u00edvica Popular del Ecuador\" \/>\n<meta property=\"article:publisher\" content=\"https:\/\/www.facebook.com\/watch\/?v=191194030746352\" \/>\n<meta property=\"article:modified_time\" content=\"2025-10-07T00:45:41+00:00\" \/>\n<meta property=\"og:image\" content=\"https:\/\/www.civicasecuador.org\/wp-content\/uploads\/2025\/10\/jcpe_logo2.webp\" \/>\n\t<meta property=\"og:image:width\" content=\"1536\" \/>\n\t<meta property=\"og:image:height\" content=\"1024\" \/>\n\t<meta property=\"og:image:type\" content=\"image\/webp\" \/>\n<meta name=\"twitter:card\" content=\"summary_large_image\" \/>\n<meta name=\"twitter:site\" content=\"@JuntaCivicaP\" \/>\n<meta name=\"twitter:label1\" content=\"Tiempo de lectura\" \/>\n\t<meta name=\"twitter:data1\" content=\"3 minutos\" \/>\n<script type=\"application\/ld+json\" class=\"yoast-schema-graph\">{\"@context\":\"https:\/\/schema.org\",\"@graph\":[{\"@type\":\"WebPage\",\"@id\":\"https:\/\/www.civicasecuador.org\/index.php\/quienes-somos\/\",\"url\":\"https:\/\/www.civicasecuador.org\/index.php\/quienes-somos\/\",\"name\":\"Quienes somos - Junta C\u00edvica Popular del Ecuador\",\"isPartOf\":{\"@id\":\"https:\/\/www.civicasecuador.org\/#website\"},\"primaryImageOfPage\":{\"@id\":\"https:\/\/www.civicasecuador.org\/index.php\/quienes-somos\/#primaryimage\"},\"image\":{\"@id\":\"https:\/\/www.civicasecuador.org\/index.php\/quienes-somos\/#primaryimage\"},\"thumbnailUrl\":\"https:\/\/www.civicasecuador.org\/wp-content\/uploads\/2025\/10\/jcpe_logo2.webp\",\"datePublished\":\"2025-10-01T21:34:15+00:00\",\"dateModified\":\"2025-10-07T00:45:41+00:00\",\"description\":\"Quienes somos Junta C\u00edvica Popular del Ecuador -\",\"breadcrumb\":{\"@id\":\"https:\/\/www.civicasecuador.org\/index.php\/quienes-somos\/#breadcrumb\"},\"inLanguage\":\"es\",\"potentialAction\":[{\"@type\":\"ReadAction\",\"target\":[\"https:\/\/www.civicasecuador.org\/index.php\/quienes-somos\/\"]}]},{\"@type\":\"ImageObject\",\"inLanguage\":\"es\",\"@id\":\"https:\/\/www.civicasecuador.org\/index.php\/quienes-somos\/#primaryimage\",\"url\":\"https:\/\/www.civicasecuador.org\/wp-content\/uploads\/2025\/10\/jcpe_logo2.webp\",\"contentUrl\":\"https:\/\/www.civicasecuador.org\/wp-content\/uploads\/2025\/10\/jcpe_logo2.webp\",\"width\":1536,\"height\":1024},{\"@type\":\"BreadcrumbList\",\"@id\":\"https:\/\/www.civicasecuador.org\/index.php\/quienes-somos\/#breadcrumb\",\"itemListElement\":[{\"@type\":\"ListItem\",\"position\":1,\"name\":\"Portada\",\"item\":\"https:\/\/www.civicasecuador.org\/\"},{\"@type\":\"ListItem\",\"position\":2,\"name\":\"Quienes somos\"}]},{\"@type\":\"WebSite\",\"@id\":\"https:\/\/www.civicasecuador.org\/#website\",\"url\":\"https:\/\/www.civicasecuador.org\/\",\"name\":\"Junta C\u00edvica Popular del Ecuador\",\"description\":\"La Junta C\u00edvica Popular del Ecuador es una organizaci\u00f3n ciudadana de car\u00e1cter nacional, independiente y plural, que busca promover la participaci\u00f3n activa de la sociedad en la defensa de los derechos, el fortalecimiento democr\u00e1tico y el desarrollo comunitario.\",\"publisher\":{\"@id\":\"https:\/\/www.civicasecuador.org\/#organization\"},\"alternateName\":\"La Junta C\u00edvica Popular del Ecuador es una organizaci\u00f3n ciudadana de car\u00e1cter nacional, independiente y plural, que busca promover la participaci\u00f3n activa de la sociedad en la defensa de los derechos, el fortalecimiento democr\u00e1tico y el desarrollo comunitario.\",\"potentialAction\":[{\"@type\":\"SearchAction\",\"target\":{\"@type\":\"EntryPoint\",\"urlTemplate\":\"https:\/\/www.civicasecuador.org\/?s={search_term_string}\"},\"query-input\":{\"@type\":\"PropertyValueSpecification\",\"valueRequired\":true,\"valueName\":\"search_term_string\"}}],\"inLanguage\":\"es\"},{\"@type\":\"Organization\",\"@id\":\"https:\/\/www.civicasecuador.org\/#organization\",\"name\":\"Junta C\u00edvica Popular del Ecuador\",\"alternateName\":\"JCPE\",\"url\":\"https:\/\/www.civicasecuador.org\/\",\"logo\":{\"@type\":\"ImageObject\",\"inLanguage\":\"es\",\"@id\":\"https:\/\/www.civicasecuador.org\/#\/schema\/logo\/image\/\",\"url\":\"https:\/\/www.civicasecuador.org\/wp-content\/uploads\/2025\/10\/logo2.png\",\"contentUrl\":\"https:\/\/www.civicasecuador.org\/wp-content\/uploads\/2025\/10\/logo2.png\",\"width\":576,\"height\":636,\"caption\":\"Junta C\u00edvica Popular del Ecuador\"},\"image\":{\"@id\":\"https:\/\/www.civicasecuador.org\/#\/schema\/logo\/image\/\"},\"sameAs\":[\"https:\/\/www.facebook.com\/watch\/?v=191194030746352\",\"https:\/\/x.com\/JuntaCivicaP\"]}]}<\/script>\n<!-- \/ Yoast SEO plugin. -->","yoast_head_json":{"title":"Quienes somos - Junta C\u00edvica Popular del Ecuador","description":"Quienes somos Junta C\u00edvica Popular del Ecuador -","robots":{"index":"index","follow":"follow","max-snippet":"max-snippet:-1","max-image-preview":"max-image-preview:large","max-video-preview":"max-video-preview:-1"},"canonical":"https:\/\/www.civicasecuador.org\/index.php\/quienes-somos\/","og_locale":"es_ES","og_type":"article","og_title":"Quienes somos - Junta C\u00edvica Popular del Ecuador","og_description":"Quienes somos Junta C\u00edvica Popular del Ecuador -","og_url":"https:\/\/www.civicasecuador.org\/index.php\/quienes-somos\/","og_site_name":"Junta C\u00edvica Popular del Ecuador","article_publisher":"https:\/\/www.facebook.com\/watch\/?v=191194030746352","article_modified_time":"2025-10-07T00:45:41+00:00","og_image":[{"width":1536,"height":1024,"url":"https:\/\/www.civicasecuador.org\/wp-content\/uploads\/2025\/10\/jcpe_logo2.webp","type":"image\/webp"}],"twitter_card":"summary_large_image","twitter_site":"@JuntaCivicaP","twitter_misc":{"Tiempo de lectura":"3 minutos"},"schema":{"@context":"https:\/\/schema.org","@graph":[{"@type":"WebPage","@id":"https:\/\/www.civicasecuador.org\/index.php\/quienes-somos\/","url":"https:\/\/www.civicasecuador.org\/index.php\/quienes-somos\/","name":"Quienes somos - Junta C\u00edvica Popular del Ecuador","isPartOf":{"@id":"https:\/\/www.civicasecuador.org\/#website"},"primaryImageOfPage":{"@id":"https:\/\/www.civicasecuador.org\/index.php\/quienes-somos\/#primaryimage"},"image":{"@id":"https:\/\/www.civicasecuador.org\/index.php\/quienes-somos\/#primaryimage"},"thumbnailUrl":"https:\/\/www.civicasecuador.org\/wp-content\/uploads\/2025\/10\/jcpe_logo2.webp","datePublished":"2025-10-01T21:34:15+00:00","dateModified":"2025-10-07T00:45:41+00:00","description":"Quienes somos Junta C\u00edvica Popular del Ecuador -","breadcrumb":{"@id":"https:\/\/www.civicasecuador.org\/index.php\/quienes-somos\/#breadcrumb"},"inLanguage":"es","potentialAction":[{"@type":"ReadAction","target":["https:\/\/www.civicasecuador.org\/index.php\/quienes-somos\/"]}]},{"@type":"ImageObject","inLanguage":"es","@id":"https:\/\/www.civicasecuador.org\/index.php\/quienes-somos\/#primaryimage","url":"https:\/\/www.civicasecuador.org\/wp-content\/uploads\/2025\/10\/jcpe_logo2.webp","contentUrl":"https:\/\/www.civicasecuador.org\/wp-content\/uploads\/2025\/10\/jcpe_logo2.webp","width":1536,"height":1024},{"@type":"BreadcrumbList","@id":"https:\/\/www.civicasecuador.org\/index.php\/quienes-somos\/#breadcrumb","itemListElement":[{"@type":"ListItem","position":1,"name":"Portada","item":"https:\/\/www.civicasecuador.org\/"},{"@type":"ListItem","position":2,"name":"Quienes somos"}]},{"@type":"WebSite","@id":"https:\/\/www.civicasecuador.org\/#website","url":"https:\/\/www.civicasecuador.org\/","name":"Junta C\u00edvica Popular del Ecuador","description":"La Junta C\u00edvica Popular del Ecuador es una organizaci\u00f3n ciudadana de car\u00e1cter nacional, independiente y plural, que busca promover la participaci\u00f3n activa de la sociedad en la defensa de los derechos, el fortalecimiento democr\u00e1tico y el desarrollo comunitario.","publisher":{"@id":"https:\/\/www.civicasecuador.org\/#organization"},"alternateName":"La Junta C\u00edvica Popular del Ecuador es una organizaci\u00f3n ciudadana de car\u00e1cter nacional, independiente y plural, que busca promover la participaci\u00f3n activa de la sociedad en la defensa de los derechos, el fortalecimiento democr\u00e1tico y el desarrollo comunitario.","potentialAction":[{"@type":"SearchAction","target":{"@type":"EntryPoint","urlTemplate":"https:\/\/www.civicasecuador.org\/?s={search_term_string}"},"query-input":{"@type":"PropertyValueSpecification","valueRequired":true,"valueName":"search_term_string"}}],"inLanguage":"es"},{"@type":"Organization","@id":"https:\/\/www.civicasecuador.org\/#organization","name":"Junta C\u00edvica Popular del Ecuador","alternateName":"JCPE","url":"https:\/\/www.civicasecuador.org\/","logo":{"@type":"ImageObject","inLanguage":"es","@id":"https:\/\/www.civicasecuador.org\/#\/schema\/logo\/image\/","url":"https:\/\/www.civicasecuador.org\/wp-content\/uploads\/2025\/10\/logo2.png","contentUrl":"https:\/\/www.civicasecuador.org\/wp-content\/uploads\/2025\/10\/logo2.png","width":576,"height":636,"caption":"Junta C\u00edvica Popular del Ecuador"},"image":{"@id":"https:\/\/www.civicasecuador.org\/#\/schema\/logo\/image\/"},"sameAs":["https:\/\/www.facebook.com\/watch\/?v=191194030746352","https:\/\/x.com\/JuntaCivicaP"]}]}},"_links":{"self":[{"href":"https:\/\/www.civicasecuador.org\/index.php\/wp-json\/wp\/v2\/pages\/59","targetHints":{"allow":["GET"]}}],"collection":[{"href":"https:\/\/www.civicasecuador.org\/index.php\/wp-json\/wp\/v2\/pages"}],"about":[{"href":"https:\/\/www.civicasecuador.org\/index.php\/wp-json\/wp\/v2\/types\/page"}],"author":[{"embeddable":true,"href":"https:\/\/www.civicasecuador.org\/index.php\/wp-json\/wp\/v2\/users\/1"}],"replies":[{"embeddable":true,"href":"https:\/\/www.civicasecuador.org\/index.php\/wp-json\/wp\/v2\/comments?post=59"}],"version-history":[{"count":16,"href":"https:\/\/www.civicasecuador.org\/index.php\/wp-json\/wp\/v2\/pages\/59\/revisions"}],"predecessor-version":[{"id":392,"href":"https:\/\/www.civicasecuador.org\/index.php\/wp-json\/wp\/v2\/pages\/59\/revisions\/392"}],"wp:featuredmedia":[{"embeddable":true,"href":"https:\/\/www.civicasecuador.org\/index.php\/wp-json\/wp\/v2\/media\/391"}],"wp:attachment":[{"href":"https:\/\/www.civicasecuador.org\/index.php\/wp-json\/wp\/v2\/media?parent=59"}],"curies":[{"name":"wp","href":"https:\/\/api.w.org\/{rel}","templated":true}]}}